{"id":437,"date":"2023-07-18T21:37:11","date_gmt":"2023-07-18T18:37:11","guid":{"rendered":"https:\/\/jack.ro\/kiv\/?page_id=437"},"modified":"2023-08-04T12:43:54","modified_gmt":"2023-08-04T09:43:54","slug":"proiecte","status":"publish","type":"page","link":"https:\/\/jack.ro\/kiv\/?page_id=437","title":{"rendered":"Proiecte"},"content":{"rendered":"<section class=\"bde-section-437-232 bde-section\">\n              \n  \n\t\n\n  <div class=\"section-background-overlay\"><\/div>\n\n\n<div class=\"section-container\"><h2 class=\"bde-heading-437-235 bde-heading\">\nProiectele noastre\n<\/h2><div class=\"bde-text-437-236 bde-text\">\nDaca a\u021bi achizi\u021bionat o locuin\u021b\u0103 nou\u0103 sau pur \u0219i simplu dori\u021bi s\u0103 renova\u021bi, Happy Home by Violeta este solu\u021bia  pentru a creea o infa\u021bisare cald\u0103, primitoare, intim\u0103 \u0219i plin\u0103 de culoare c\u0103minului dumneavoastr\u0103.\n<\/div><\/div>\n<\/section><section class=\"bde-section-437-171 bde-section\">\n  \n\t\n\n\n\n<div class=\"section-container\"><div class=\"bde-columns-437-176 bde-columns\"><div class=\"bde-column-437-177 bde-column\">\n              \n  \n\t\n\n  <div class=\"section-background-overlay\"><\/div>\n\n\n<h3 class=\"bde-heading-437-179 bde-heading\">\nStilul Clasic Contemporan\n<\/h3><div class=\"bde-button-437-180 bde-button\">\n    \n                                    \n    \n    \n    \n    \n            \n                    \n            \n            \n\n    \n    \n    \n    \n    <a class=\"breakdance-link button-atom button-atom--secondary bde-button__button\" href=\"https:\/\/jack.ro\/kiv\/?page_id=592\" target=\"_self\" data-type=\"url\"  >\n\n    \n        <span class=\"button-atom__text\">vezi imagini<\/span>\n\n        \n        \n                <\/a>\n\n    \n\n\n<\/div>\n<\/div><div class=\"bde-column-437-224 bde-column\">\n              \n  \n\t\n\n  <div class=\"section-background-overlay\"><\/div>\n\n\n<h3 class=\"bde-heading-437-226 bde-heading\">\nLiving modern Vintage\n<\/h3><div class=\"bde-button-437-227 bde-button\">\n    \n                                    \n    \n    \n    \n    \n            \n                    \n            \n            \n\n    \n    \n    \n    \n    <a class=\"breakdance-link button-atom button-atom--secondary bde-button__button\" href=\"https:\/\/jack.ro\/kiv\/?page_id=730\" target=\"_self\" data-type=\"url\"  >\n\n    \n        <span class=\"button-atom__text\">vezi imagini<\/span>\n\n        \n        \n                <\/a>\n\n    \n\n\n<\/div>\n<\/div><div class=\"bde-column-437-181 bde-column\">\n              \n  \n\t\n\n  <div class=\"section-background-overlay\"><\/div>\n\n\n<h3 class=\"bde-heading-437-183 bde-heading\">\nStilul Clasic Romantic\n<\/h3><div class=\"bde-button-437-184 bde-button\">\n    \n                                    \n    \n    \n    \n    \n            \n                    \n            \n            \n\n    \n    \n    \n    \n    <a class=\"breakdance-link button-atom button-atom--secondary bde-button__button\" href=\"https:\/\/jack.ro\/kiv\/?page_id=672\" target=\"_self\" data-type=\"url\"  >\n\n    \n        <span class=\"button-atom__text\">vezi imagini<\/span>\n\n        \n        \n                <\/a>\n\n    \n\n\n<\/div>\n<\/div><\/div><div class=\"bde-columns-437-215 bde-columns\"><div class=\"bde-column-437-216 bde-column\">\n              \n  \n\t\n\n  <div class=\"section-background-overlay\"><\/div>\n\n\n<h3 class=\"bde-heading-437-218 bde-heading\">\nStilul Modern\n<\/h3><div class=\"bde-button-437-219 bde-button\">\n    \n                                    \n    \n    \n    \n    \n            \n                    \n            \n            \n\n    \n    \n    \n    \n    <a class=\"breakdance-link button-atom button-atom--secondary bde-button__button\" href=\"https:\/\/jack.ro\/kiv\/?page_id=743\" target=\"_self\" data-type=\"url\"  >\n\n    \n        <span class=\"button-atom__text\">vezi imagini<\/span>\n\n        \n        \n                <\/a>\n\n    \n\n\n<\/div>\n<\/div><div class=\"bde-column-437-228 bde-column\">\n              \n  \n\t\n\n  <div class=\"section-background-overlay\"><\/div>\n\n\n<h3 class=\"bde-heading-437-230 bde-heading\">\nStilul Neoclasic\n<\/h3><div class=\"bde-button-437-231 bde-button\">\n    \n                                    \n    \n    \n    \n    \n            \n                    \n            \n            \n\n    \n    \n    \n    \n    <a class=\"breakdance-link button-atom button-atom--secondary bde-button__button\" href=\"https:\/\/jack.ro\/kiv\/?page_id=754\" target=\"_self\" data-type=\"url\"  >\n\n    \n        <span class=\"button-atom__text\">vezi imagini<\/span>\n\n        \n        \n                <\/a>\n\n    \n\n\n<\/div>\n<\/div><\/div><\/div>\n<\/section>","protected":false},"excerpt":{"rendered":"<p>Proiectele noastre Daca a\u021bi achizi\u021bionat o locuin\u021b\u0103 nou\u0103 sau pur \u0219i simplu dori\u021bi s\u0103 renova\u021bi, Happy Home by Violeta este solu\u021bia pentru a creea o infa\u021bisare cald\u0103, primitoare, intim\u0103 \u0219i plin\u0103 de culoare c\u0103minului dumneavoastr\u0103. Stilul Clasic Contemporan vezi imagini Living modern Vintage vezi imagini Stilul Clasic Romantic vezi imagini Stilul Modern vezi imagini Stilul [&hellip;]<\/p>\n","protected":false},"author":1,"featured_media":0,"parent":0,"menu_order":0,"comment_status":"closed","ping_status":"closed","template":"","meta":{"_breakdance_hide_in_design_set":false,"_breakdance_tags":"","footnotes":""},"class_list":["post-437","page","type-page","status-publish","hentry"],"acf":[],"_links":{"self":[{"href":"https:\/\/jack.ro\/kiv\/index.php?rest_route=\/wp\/v2\/pages\/437","targetHints":{"allow":["GET"]}}],"collection":[{"href":"https:\/\/jack.ro\/kiv\/index.php?rest_route=\/wp\/v2\/pages"}],"about":[{"href":"https:\/\/jack.ro\/kiv\/index.php?rest_route=\/wp\/v2\/types\/page"}],"author":[{"embeddable":true,"href":"https:\/\/jack.ro\/kiv\/index.php?rest_route=\/wp\/v2\/users\/1"}],"replies":[{"embeddable":true,"href":"https:\/\/jack.ro\/kiv\/index.php?rest_route=%2Fwp%2Fv2%2Fcomments&post=437"}],"version-history":[{"count":25,"href":"https:\/\/jack.ro\/kiv\/index.php?rest_route=\/wp\/v2\/pages\/437\/revisions"}],"predecessor-version":[{"id":897,"href":"https:\/\/jack.ro\/kiv\/index.php?rest_route=\/wp\/v2\/pages\/437\/revisions\/897"}],"wp:attachment":[{"href":"https:\/\/jack.ro\/kiv\/index.php?rest_route=%2Fwp%2Fv2%2Fmedia&parent=437"}],"curies":[{"name":"wp","href":"https:\/\/api.w.org\/{rel}","templated":true}]}}