{"id":469,"date":"2023-07-19T17:09:24","date_gmt":"2023-07-19T14:09:24","guid":{"rendered":"https:\/\/jack.ro\/kiv\/?post_type=product&#038;p=469"},"modified":"2023-07-19T18:22:43","modified_gmt":"2023-07-19T15:22:43","slug":"blackout-mov-a06","status":"publish","type":"product","link":"https:\/\/jack.ro\/kiv\/?product=blackout-mov-a06","title":{"rendered":"BLACKOUT MOV A06"},"content":{"rendered":"<p>Draperia Blackout este definit\u0103 de gradul \u00eenalt de opacitate \u0219i textura delicat\u0103 a materialului.<\/p>\n<p>Acest model vine \u00eentr-o gam\u0103 diversificat\u0103 de culori, ce pot fi integrate cu u\u0219urin\u021b\u0103 \u00een orice amenajare.<\/p>\n","protected":false},"excerpt":{"rendered":"<p>Draperia Blackout este definit\u0103 de gradul \u00eenalt de opacitate \u0219i textura delicat\u0103 a materialului.<\/p>\n<p>Acest model vine \u00eentr-o gam\u0103 diversificat\u0103 de culori, ce pot fi integrate cu u\u0219urin\u021b\u0103 \u00een orice amenajare.<\/p>\n","protected":false},"featured_media":470,"comment_status":"open","ping_status":"closed","template":"","meta":[],"product_cat":[19,28],"product_tag":[],"class_list":{"0":"post-469","1":"product","2":"type-product","3":"status-publish","4":"has-post-thumbnail","6":"product_cat-draperie","7":"product_cat-draperii-blackout","8":"pa_culoare-bej","10":"first","11":"instock","12":"taxable","13":"shipping-taxable","14":"purchasable","15":"product-type-simple"},"acf":[],"_links":{"self":[{"href":"https:\/\/jack.ro\/kiv\/index.php?rest_route=\/wp\/v2\/product\/469","targetHints":{"allow":["GET"]}}],"collection":[{"href":"https:\/\/jack.ro\/kiv\/index.php?rest_route=\/wp\/v2\/product"}],"about":[{"href":"https:\/\/jack.ro\/kiv\/index.php?rest_route=\/wp\/v2\/types\/product"}],"replies":[{"embeddable":true,"href":"https:\/\/jack.ro\/kiv\/index.php?rest_route=%2Fwp%2Fv2%2Fcomments&post=469"}],"wp:featuredmedia":[{"embeddable":true,"href":"https:\/\/jack.ro\/kiv\/index.php?rest_route=\/wp\/v2\/media\/470"}],"wp:attachment":[{"href":"https:\/\/jack.ro\/kiv\/index.php?rest_route=%2Fwp%2Fv2%2Fmedia&parent=469"}],"wp:term":[{"taxonomy":"product_cat","embeddable":true,"href":"https:\/\/jack.ro\/kiv\/index.php?rest_route=%2Fwp%2Fv2%2Fproduct_cat&post=469"},{"taxonomy":"product_tag","embeddable":true,"href":"https:\/\/jack.ro\/kiv\/index.php?rest_route=%2Fwp%2Fv2%2Fproduct_tag&post=469"}],"curies":[{"name":"wp","href":"https:\/\/api.w.org\/{rel}","templated":true}]}}