{"id":491,"date":"2023-07-19T17:55:18","date_gmt":"2023-07-19T14:55:18","guid":{"rendered":"https:\/\/jack.ro\/kiv\/?post_type=product&#038;p=491"},"modified":"2023-07-19T18:22:05","modified_gmt":"2023-07-19T15:22:05","slug":"ecco-gri-v6","status":"publish","type":"product","link":"https:\/\/jack.ro\/kiv\/?product=ecco-gri-v6","title":{"rendered":"ECCO GRI V6"},"content":{"rendered":"<p><strong>Perdeaua Ecco \u00eembin\u0103 armonios elegan\u021ba \u0219i grija pentru natur\u0103.\u00a0<\/strong><\/p>\n<p>Textura mat\u0103, generat\u0103 de fibrele din plastic reciclat, confer\u0103 un plus de luminozitate \u00een orice spa\u021biu.<\/p>\n<p>Ecco este o perdea ce are \u00een compozi\u021bie poliester reciclat.<\/p>\n","protected":false},"excerpt":{"rendered":"<p><strong>Perdeaua Ecco \u00eembin\u0103 armonios elegan\u021ba \u0219i grija pentru natur\u0103.\u00a0<\/strong><\/p>\n<p>Textura mat\u0103, generat\u0103 de fibrele din plastic reciclat, confer\u0103 un plus de luminozitate \u00een orice spa\u021biu.<\/p>\n<p>Ecco este o perdea ce are \u00een compozi\u021bie poliester reciclat.<\/p>\n","protected":false},"featured_media":492,"comment_status":"open","ping_status":"closed","template":"","meta":[],"product_cat":[20,36],"product_tag":[54],"class_list":{"0":"post-491","1":"product","2":"type-product","3":"status-publish","4":"has-post-thumbnail","6":"product_cat-perdea","7":"product_cat-perdele-voal","8":"product_tag-perdea","9":"pa_culoare-gri","11":"first","12":"instock","13":"taxable","14":"shipping-taxable","15":"purchasable","16":"product-type-simple"},"acf":[],"_links":{"self":[{"href":"https:\/\/jack.ro\/kiv\/index.php?rest_route=\/wp\/v2\/product\/491","targetHints":{"allow":["GET"]}}],"collection":[{"href":"https:\/\/jack.ro\/kiv\/index.php?rest_route=\/wp\/v2\/product"}],"about":[{"href":"https:\/\/jack.ro\/kiv\/index.php?rest_route=\/wp\/v2\/types\/product"}],"replies":[{"embeddable":true,"href":"https:\/\/jack.ro\/kiv\/index.php?rest_route=%2Fwp%2Fv2%2Fcomments&post=491"}],"wp:featuredmedia":[{"embeddable":true,"href":"https:\/\/jack.ro\/kiv\/index.php?rest_route=\/wp\/v2\/media\/492"}],"wp:attachment":[{"href":"https:\/\/jack.ro\/kiv\/index.php?rest_route=%2Fwp%2Fv2%2Fmedia&parent=491"}],"wp:term":[{"taxonomy":"product_cat","embeddable":true,"href":"https:\/\/jack.ro\/kiv\/index.php?rest_route=%2Fwp%2Fv2%2Fproduct_cat&post=491"},{"taxonomy":"product_tag","embeddable":true,"href":"https:\/\/jack.ro\/kiv\/index.php?rest_route=%2Fwp%2Fv2%2Fproduct_tag&post=491"}],"curies":[{"name":"wp","href":"https:\/\/api.w.org\/{rel}","templated":true}]}}