{"id":498,"date":"2023-07-19T18:02:38","date_gmt":"2023-07-19T15:02:38","guid":{"rendered":"https:\/\/jack.ro\/kiv\/?post_type=product&#038;p=498"},"modified":"2023-07-19T18:20:09","modified_gmt":"2023-07-19T15:20:09","slug":"caresse-alb-t01","status":"publish","type":"product","link":"https:\/\/jack.ro\/kiv\/?product=caresse-alb-t01","title":{"rendered":"CARESSE ALB T01"},"content":{"rendered":"<p>Perdeaua Caresse prezint\u0103 un model cu flori albe supradimensionate pe o \u021bes\u0103tur\u0103 vaporoas\u0103 de tip voile.<\/p>\n<p>Aceast\u0103 perdea ofer\u0103 luminozitate \u0219i spa\u021bialitate \u00eenc\u0103perilor.<\/p>\n<p>Modelul floral este imprimat, oferind \u021bes\u0103turii un efect sofisticat de tip burnout.<\/p>\n","protected":false},"excerpt":{"rendered":"<p>Perdeaua Caresse prezint\u0103 un model cu flori albe supradimensionate pe o \u021bes\u0103tur\u0103 vaporoas\u0103 de tip voile.<\/p>\n<p>Aceast\u0103 perdea ofer\u0103 luminozitate \u0219i spa\u021bialitate \u00eenc\u0103perilor.<\/p>\n<p>Modelul floral este imprimat, oferind \u021bes\u0103turii un efect sofisticat de tip burnout.<\/p>\n","protected":false},"featured_media":505,"comment_status":"open","ping_status":"closed","template":"","meta":[],"product_cat":[36],"product_tag":[54],"class_list":{"0":"post-498","1":"product","2":"type-product","3":"status-publish","4":"has-post-thumbnail","6":"product_cat-perdele-voal","7":"product_tag-perdea","8":"pa_culoare-alb","10":"first","11":"instock","12":"taxable","13":"shipping-taxable","14":"purchasable","15":"product-type-simple"},"acf":[],"_links":{"self":[{"href":"https:\/\/jack.ro\/kiv\/index.php?rest_route=\/wp\/v2\/product\/498","targetHints":{"allow":["GET"]}}],"collection":[{"href":"https:\/\/jack.ro\/kiv\/index.php?rest_route=\/wp\/v2\/product"}],"about":[{"href":"https:\/\/jack.ro\/kiv\/index.php?rest_route=\/wp\/v2\/types\/product"}],"replies":[{"embeddable":true,"href":"https:\/\/jack.ro\/kiv\/index.php?rest_route=%2Fwp%2Fv2%2Fcomments&post=498"}],"wp:featuredmedia":[{"embeddable":true,"href":"https:\/\/jack.ro\/kiv\/index.php?rest_route=\/wp\/v2\/media\/505"}],"wp:attachment":[{"href":"https:\/\/jack.ro\/kiv\/index.php?rest_route=%2Fwp%2Fv2%2Fmedia&parent=498"}],"wp:term":[{"taxonomy":"product_cat","embeddable":true,"href":"https:\/\/jack.ro\/kiv\/index.php?rest_route=%2Fwp%2Fv2%2Fproduct_cat&post=498"},{"taxonomy":"product_tag","embeddable":true,"href":"https:\/\/jack.ro\/kiv\/index.php?rest_route=%2Fwp%2Fv2%2Fproduct_tag&post=498"}],"curies":[{"name":"wp","href":"https:\/\/api.w.org\/{rel}","templated":true}]}}