{"id":508,"date":"2023-07-19T18:28:54","date_gmt":"2023-07-19T15:28:54","guid":{"rendered":"https:\/\/jack.ro\/kiv\/?post_type=product&#038;p=508"},"modified":"2023-07-19T18:35:23","modified_gmt":"2023-07-19T15:35:23","slug":"comoda-cu-oglinda","status":"publish","type":"product","link":"https:\/\/jack.ro\/kiv\/?product=comoda-cu-oglinda","title":{"rendered":"Comod\u0103 cu oglind\u0103"},"content":{"rendered":"<p>Comod\u0103 cu oglind\u0103 din stejar<\/p>\n","protected":false},"excerpt":{"rendered":"<p>Comod\u0103 cu oglind\u0103 din stejar<\/p>\n","protected":false},"featured_media":509,"comment_status":"open","ping_status":"closed","template":"","meta":[],"product_cat":[25],"product_tag":[],"class_list":{"0":"post-508","1":"product","2":"type-product","3":"status-publish","4":"has-post-thumbnail","6":"product_cat-antichitati","8":"first","9":"instock","10":"taxable","11":"shipping-taxable","12":"purchasable","13":"product-type-simple"},"acf":[],"_links":{"self":[{"href":"https:\/\/jack.ro\/kiv\/index.php?rest_route=\/wp\/v2\/product\/508","targetHints":{"allow":["GET"]}}],"collection":[{"href":"https:\/\/jack.ro\/kiv\/index.php?rest_route=\/wp\/v2\/product"}],"about":[{"href":"https:\/\/jack.ro\/kiv\/index.php?rest_route=\/wp\/v2\/types\/product"}],"replies":[{"embeddable":true,"href":"https:\/\/jack.ro\/kiv\/index.php?rest_route=%2Fwp%2Fv2%2Fcomments&post=508"}],"wp:featuredmedia":[{"embeddable":true,"href":"https:\/\/jack.ro\/kiv\/index.php?rest_route=\/wp\/v2\/media\/509"}],"wp:attachment":[{"href":"https:\/\/jack.ro\/kiv\/index.php?rest_route=%2Fwp%2Fv2%2Fmedia&parent=508"}],"wp:term":[{"taxonomy":"product_cat","embeddable":true,"href":"https:\/\/jack.ro\/kiv\/index.php?rest_route=%2Fwp%2Fv2%2Fproduct_cat&post=508"},{"taxonomy":"product_tag","embeddable":true,"href":"https:\/\/jack.ro\/kiv\/index.php?rest_route=%2Fwp%2Fv2%2Fproduct_tag&post=508"}],"curies":[{"name":"wp","href":"https:\/\/api.w.org\/{rel}","templated":true}]}}