{"id":563,"date":"2023-07-19T22:31:15","date_gmt":"2023-07-19T19:31:15","guid":{"rendered":"https:\/\/jack.ro\/kiv\/?post_type=product&#038;p=563"},"modified":"2023-07-19T22:49:15","modified_gmt":"2023-07-19T19:49:15","slug":"fete-perna-durant","status":"publish","type":"product","link":"https:\/\/jack.ro\/kiv\/?product=fete-perna-durant","title":{"rendered":"Fe\u021be pern\u0103 Durant"},"content":{"rendered":"<p>Fe\u021be pern\u0103 Durant, set 5 buc\u0103\u021bi<\/p>\n","protected":false},"excerpt":{"rendered":"<p>Fe\u021be pern\u0103 Durant, set 5 buc\u0103\u021bi<\/p>\n<p>\u021aes\u0103tur\u0103 de calitate, rezistent\u0103 la uzur\u0103, intre\u021binere u\u0219oar\u0103<\/p>\n","protected":false},"featured_media":564,"comment_status":"open","ping_status":"closed","template":"","meta":[],"product_cat":[24,42],"product_tag":[],"class_list":{"0":"post-563","1":"product","2":"type-product","3":"status-publish","4":"has-post-thumbnail","6":"product_cat-decoratiuni-textile","7":"product_cat-fete-de-perna","8":"pa_culoare-argintiu","10":"first","11":"instock","12":"taxable","13":"shipping-taxable","14":"purchasable","15":"product-type-simple"},"acf":[],"_links":{"self":[{"href":"https:\/\/jack.ro\/kiv\/index.php?rest_route=\/wp\/v2\/product\/563","targetHints":{"allow":["GET"]}}],"collection":[{"href":"https:\/\/jack.ro\/kiv\/index.php?rest_route=\/wp\/v2\/product"}],"about":[{"href":"https:\/\/jack.ro\/kiv\/index.php?rest_route=\/wp\/v2\/types\/product"}],"replies":[{"embeddable":true,"href":"https:\/\/jack.ro\/kiv\/index.php?rest_route=%2Fwp%2Fv2%2Fcomments&post=563"}],"wp:featuredmedia":[{"embeddable":true,"href":"https:\/\/jack.ro\/kiv\/index.php?rest_route=\/wp\/v2\/media\/564"}],"wp:attachment":[{"href":"https:\/\/jack.ro\/kiv\/index.php?rest_route=%2Fwp%2Fv2%2Fmedia&parent=563"}],"wp:term":[{"taxonomy":"product_cat","embeddable":true,"href":"https:\/\/jack.ro\/kiv\/index.php?rest_route=%2Fwp%2Fv2%2Fproduct_cat&post=563"},{"taxonomy":"product_tag","embeddable":true,"href":"https:\/\/jack.ro\/kiv\/index.php?rest_route=%2Fwp%2Fv2%2Fproduct_tag&post=563"}],"curies":[{"name":"wp","href":"https:\/\/api.w.org\/{rel}","templated":true}]}}