{"id":707,"date":"2023-07-23T11:24:27","date_gmt":"2023-07-23T08:24:27","guid":{"rendered":"https:\/\/jack.ro\/kiv\/?post_type=product&#038;p=707"},"modified":"2023-07-23T11:27:02","modified_gmt":"2023-07-23T08:27:02","slug":"consola-mare-bronz-cu-blat-marmura-si-oglinda-rama-bronz","status":"publish","type":"product","link":"https:\/\/jack.ro\/kiv\/?product=consola-mare-bronz-cu-blat-marmura-si-oglinda-rama-bronz","title":{"rendered":"Consol\u0103 mare bronz, cu blat marmur\u0103 \u0219i oglind\u0103 ram\u0103 bronz"},"content":{"rendered":"<p>Consol\u0103 mare bronz, cu blat marmur\u0103 \u0219i oglind\u0103 ram\u0103 bronz<\/p>\n","protected":false},"excerpt":{"rendered":"<p>Consol\u0103 mare bronz, cu blat marmur\u0103 \u0219i oglind\u0103 ram\u0103 bronz<\/p>\n","protected":false},"featured_media":708,"comment_status":"open","ping_status":"closed","template":"","meta":[],"product_cat":[25],"product_tag":[57],"class_list":{"0":"post-707","1":"product","2":"type-product","3":"status-publish","4":"has-post-thumbnail","6":"product_cat-antichitati","7":"product_tag-bronz","9":"first","10":"instock","11":"taxable","12":"shipping-taxable","13":"purchasable","14":"product-type-simple"},"acf":[],"_links":{"self":[{"href":"https:\/\/jack.ro\/kiv\/index.php?rest_route=\/wp\/v2\/product\/707","targetHints":{"allow":["GET"]}}],"collection":[{"href":"https:\/\/jack.ro\/kiv\/index.php?rest_route=\/wp\/v2\/product"}],"about":[{"href":"https:\/\/jack.ro\/kiv\/index.php?rest_route=\/wp\/v2\/types\/product"}],"replies":[{"embeddable":true,"href":"https:\/\/jack.ro\/kiv\/index.php?rest_route=%2Fwp%2Fv2%2Fcomments&post=707"}],"wp:featuredmedia":[{"embeddable":true,"href":"https:\/\/jack.ro\/kiv\/index.php?rest_route=\/wp\/v2\/media\/708"}],"wp:attachment":[{"href":"https:\/\/jack.ro\/kiv\/index.php?rest_route=%2Fwp%2Fv2%2Fmedia&parent=707"}],"wp:term":[{"taxonomy":"product_cat","embeddable":true,"href":"https:\/\/jack.ro\/kiv\/index.php?rest_route=%2Fwp%2Fv2%2Fproduct_cat&post=707"},{"taxonomy":"product_tag","embeddable":true,"href":"https:\/\/jack.ro\/kiv\/index.php?rest_route=%2Fwp%2Fv2%2Fproduct_tag&post=707"}],"curies":[{"name":"wp","href":"https:\/\/api.w.org\/{rel}","templated":true}]}}