{"id":709,"date":"2023-07-23T11:27:40","date_gmt":"2023-07-23T08:27:40","guid":{"rendered":"https:\/\/jack.ro\/kiv\/?post_type=product&#038;p=709"},"modified":"2023-07-23T11:29:51","modified_gmt":"2023-07-23T08:29:51","slug":"masuta-bronz-cu-2-blaturi-marmura","status":"publish","type":"product","link":"https:\/\/jack.ro\/kiv\/?product=masuta-bronz-cu-2-blaturi-marmura","title":{"rendered":"M\u0103su\u021b\u0103  bronz cu 2 blaturi marmur\u0103"},"content":{"rendered":"<p>M\u0103su\u021b\u0103 bronz cu 2 blaturi marmur\u0103 dimensiuni L 50 x l 30 x 77H<\/p>\n","protected":false},"excerpt":{"rendered":"<p>M\u0103su\u021b\u0103 bronz cu 2 blaturi marmur\u0103 dimensiuni L 50 x l 30 x 77H<\/p>\n","protected":false},"featured_media":710,"comment_status":"open","ping_status":"closed","template":"","meta":[],"product_cat":[25],"product_tag":[57],"class_list":{"0":"post-709","1":"product","2":"type-product","3":"status-publish","4":"has-post-thumbnail","6":"product_cat-antichitati","7":"product_tag-bronz","9":"first","10":"instock","11":"taxable","12":"shipping-taxable","13":"purchasable","14":"product-type-simple"},"acf":[],"_links":{"self":[{"href":"https:\/\/jack.ro\/kiv\/index.php?rest_route=\/wp\/v2\/product\/709","targetHints":{"allow":["GET"]}}],"collection":[{"href":"https:\/\/jack.ro\/kiv\/index.php?rest_route=\/wp\/v2\/product"}],"about":[{"href":"https:\/\/jack.ro\/kiv\/index.php?rest_route=\/wp\/v2\/types\/product"}],"replies":[{"embeddable":true,"href":"https:\/\/jack.ro\/kiv\/index.php?rest_route=%2Fwp%2Fv2%2Fcomments&post=709"}],"wp:featuredmedia":[{"embeddable":true,"href":"https:\/\/jack.ro\/kiv\/index.php?rest_route=\/wp\/v2\/media\/710"}],"wp:attachment":[{"href":"https:\/\/jack.ro\/kiv\/index.php?rest_route=%2Fwp%2Fv2%2Fmedia&parent=709"}],"wp:term":[{"taxonomy":"product_cat","embeddable":true,"href":"https:\/\/jack.ro\/kiv\/index.php?rest_route=%2Fwp%2Fv2%2Fproduct_cat&post=709"},{"taxonomy":"product_tag","embeddable":true,"href":"https:\/\/jack.ro\/kiv\/index.php?rest_route=%2Fwp%2Fv2%2Fproduct_tag&post=709"}],"curies":[{"name":"wp","href":"https:\/\/api.w.org\/{rel}","templated":true}]}}